{"id":19,"date":"2024-02-12T11:27:26","date_gmt":"2024-02-12T10:27:26","guid":{"rendered":"https:\/\/cigkoftembcn.com\/?page_id=19"},"modified":"2024-09-25T18:46:31","modified_gmt":"2024-09-25T16:46:31","slug":"galeria","status":"publish","type":"page","link":"https:\/\/cigkoftembcn.com\/index.php\/galeria\/","title":{"rendered":"Galer\u00eda"},"content":{"rendered":"\t\t<div data-elementor-type=\"wp-page\" data-elementor-id=\"19\" class=\"elementor elementor-19\" data-elementor-post-type=\"page\">\n\t\t\t\t\t\t<section class=\"elementor-section elementor-top-section elementor-element elementor-element-6c7c696a elementor-section-height-min-height elementor-section-boxed elementor-section-height-default elementor-section-items-middle\" data-id=\"6c7c696a\" data-element_type=\"section\" data-settings=\"{&quot;background_background&quot;:&quot;classic&quot;}\">\n\t\t\t\t\t\t\t<div class=\"elementor-background-overlay\"><\/div>\n\t\t\t\t\t\t\t<div class=\"elementor-container elementor-column-gap-default\">\n\t\t\t\t\t<div class=\"elementor-column elementor-col-100 elementor-top-column elementor-element elementor-element-1d94d3b0\" data-id=\"1d94d3b0\" data-element_type=\"column\">\n\t\t\t<div class=\"elementor-widget-wrap elementor-element-populated\">\n\t\t\t\t\t\t<section class=\"elementor-section elementor-inner-section elementor-element elementor-element-4e06a824 elementor-section-boxed elementor-section-height-default elementor-section-height-default\" data-id=\"4e06a824\" data-element_type=\"section\">\n\t\t\t\t\t\t<div class=\"elementor-container elementor-column-gap-default\">\n\t\t\t\t\t<div class=\"elementor-column elementor-col-50 elementor-inner-column elementor-element elementor-element-2b938123 elementor-invisible\" data-id=\"2b938123\" data-element_type=\"column\" data-settings=\"{&quot;animation&quot;:&quot;fadeInLeft&quot;}\">\n\t\t\t<div class=\"elementor-widget-wrap elementor-element-populated\">\n\t\t\t\t\t\t<div class=\"elementor-element elementor-element-2833966b elementor-widget elementor-widget-image\" data-id=\"2833966b\" data-element_type=\"widget\" data-widget_type=\"image.default\">\n\t\t\t\t<div class=\"elementor-widget-container\">\n\t\t\t\t\t\t\t\t\t\t\t\t\t\t\t<img fetchpriority=\"high\" decoding=\"async\" width=\"1080\" height=\"1080\" src=\"https:\/\/cigkoftembcn.com\/wp-content\/uploads\/2024\/02\/Experiencia-gastronomica-turca-vegana.jpg\" class=\"elementor-animation-grow attachment-full size-full wp-image-199\" alt=\"\" srcset=\"https:\/\/cigkoftembcn.com\/wp-content\/uploads\/2024\/02\/Experiencia-gastronomica-turca-vegana.jpg 1080w, https:\/\/cigkoftembcn.com\/wp-content\/uploads\/2024\/02\/Experiencia-gastronomica-turca-vegana-300x300.jpg 300w, https:\/\/cigkoftembcn.com\/wp-content\/uploads\/2024\/02\/Experiencia-gastronomica-turca-vegana-1024x1024.jpg 1024w, https:\/\/cigkoftembcn.com\/wp-content\/uploads\/2024\/02\/Experiencia-gastronomica-turca-vegana-150x150.jpg 150w, https:\/\/cigkoftembcn.com\/wp-content\/uploads\/2024\/02\/Experiencia-gastronomica-turca-vegana-768x768.jpg 768w, https:\/\/cigkoftembcn.com\/wp-content\/uploads\/2024\/02\/Experiencia-gastronomica-turca-vegana-600x600.jpg 600w\" sizes=\"(max-width: 1080px) 100vw, 1080px\" \/>\t\t\t\t\t\t\t\t\t\t\t\t\t\t\t<\/div>\n\t\t\t\t<\/div>\n\t\t\t\t\t<\/div>\n\t\t<\/div>\n\t\t\t\t<div class=\"elementor-column elementor-col-50 elementor-inner-column elementor-element elementor-element-311966d4\" data-id=\"311966d4\" data-element_type=\"column\">\n\t\t\t<div class=\"elementor-widget-wrap elementor-element-populated\">\n\t\t\t\t\t\t<div class=\"elementor-element elementor-element-54db255 elementor-widget elementor-widget-heading\" data-id=\"54db255\" data-element_type=\"widget\" data-widget_type=\"heading.default\">\n\t\t\t\t<div class=\"elementor-widget-container\">\n\t\t\t\t\t<h6 class=\"elementor-heading-title elementor-size-default\">Conoce nuestro producto<\/h6>\t\t\t\t<\/div>\n\t\t\t\t<\/div>\n\t\t\t\t<div class=\"elementor-element elementor-element-2bcb9b92 elementor-invisible elementor-widget elementor-widget-heading\" data-id=\"2bcb9b92\" data-element_type=\"widget\" data-settings=\"{&quot;_animation&quot;:&quot;fadeInRight&quot;}\" data-widget_type=\"heading.default\">\n\t\t\t\t<div class=\"elementor-widget-container\">\n\t\t\t\t\t<h2 class=\"elementor-heading-title elementor-size-default\">Galer\u00eda<\/h2>\t\t\t\t<\/div>\n\t\t\t\t<\/div>\n\t\t\t\t<div class=\"elementor-element elementor-element-6ed2fda2 elementor-widget elementor-widget-text-editor\" data-id=\"6ed2fda2\" data-element_type=\"widget\" data-widget_type=\"text-editor.default\">\n\t\t\t\t<div class=\"elementor-widget-container\">\n\t\t\t\t\t\t\t\t\t<p>Explora el vibrante mundo de nuestra cocina turca vegana a trav\u00e9s de nuestra galer\u00eda de im\u00e1genes. Sum\u00e9rgete en una experiencia visual que te llevar\u00e1 a trav\u00e9s de nuestros platos m\u00e1s deliciosos, colores vibrantes y momentos memorables en nuestro restaurante.<\/p>\t\t\t\t\t\t\t\t<\/div>\n\t\t\t\t<\/div>\n\t\t\t\t\t<\/div>\n\t\t<\/div>\n\t\t\t\t\t<\/div>\n\t\t<\/section>\n\t\t\t\t\t<\/div>\n\t\t<\/div>\n\t\t\t\t\t<\/div>\n\t\t<\/section>\n\t\t\t\t<section class=\"elementor-section elementor-top-section elementor-element elementor-element-79451b9c elementor-section-boxed elementor-section-height-default elementor-section-height-default\" data-id=\"79451b9c\" data-element_type=\"section\">\n\t\t\t\t\t\t<div class=\"elementor-container elementor-column-gap-no\">\n\t\t\t\t\t<div class=\"elementor-column elementor-col-100 elementor-top-column elementor-element elementor-element-34620d51\" data-id=\"34620d51\" data-element_type=\"column\">\n\t\t\t<div class=\"elementor-widget-wrap elementor-element-populated\">\n\t\t\t\t\t\t<div class=\"elementor-element elementor-element-08d8057 elementor-widget elementor-widget-gallery\" data-id=\"08d8057\" data-element_type=\"widget\" data-settings=\"{&quot;gallery_layout&quot;:&quot;masonry&quot;,&quot;lazyload&quot;:&quot;yes&quot;,&quot;columns&quot;:4,&quot;columns_tablet&quot;:2,&quot;columns_mobile&quot;:1,&quot;gap&quot;:{&quot;unit&quot;:&quot;px&quot;,&quot;size&quot;:10,&quot;sizes&quot;:[]},&quot;gap_tablet&quot;:{&quot;unit&quot;:&quot;px&quot;,&quot;size&quot;:10,&quot;sizes&quot;:[]},&quot;gap_mobile&quot;:{&quot;unit&quot;:&quot;px&quot;,&quot;size&quot;:10,&quot;sizes&quot;:[]},&quot;link_to&quot;:&quot;file&quot;,&quot;overlay_background&quot;:&quot;yes&quot;,&quot;content_hover_animation&quot;:&quot;fade-in&quot;}\" data-widget_type=\"gallery.default\">\n\t\t\t\t<div class=\"elementor-widget-container\">\n\t\t\t\t\t\t\t<div class=\"elementor-gallery__container\">\n\t\t\t\t\t\t\t<a class=\"e-gallery-item elementor-gallery-item elementor-animated-content\" href=\"https:\/\/cigkoftembcn.com\/wp-content\/uploads\/2024\/09\/BOREK_2.jpg\" data-elementor-open-lightbox=\"yes\" data-elementor-lightbox-slideshow=\"08d8057\" data-elementor-lightbox-title=\"BOREK_2\" data-e-action-hash=\"#elementor-action%3Aaction%3Dlightbox%26settings%3DeyJpZCI6NDQwLCJ1cmwiOiJodHRwczpcL1wvY2lna29mdGVtYmNuLmNvbVwvd3AtY29udGVudFwvdXBsb2Fkc1wvMjAyNFwvMDlcL0JPUkVLXzIuanBnIiwic2xpZGVzaG93IjoiMDhkODA1NyJ9\">\n\t\t\t\t\t<div class=\"e-gallery-image elementor-gallery-item__image\" data-thumbnail=\"https:\/\/cigkoftembcn.com\/wp-content\/uploads\/2024\/09\/BOREK_2.jpg\" data-width=\"1000\" data-height=\"1000\" aria-label=\"\" role=\"img\" ><\/div>\n\t\t\t\t\t\t\t\t\t\t\t<div class=\"elementor-gallery-item__overlay\"><\/div>\n\t\t\t\t\t\t\t\t\t\t\t\t\t\t<\/a>\n\t\t\t\t\t\t\t<a class=\"e-gallery-item elementor-gallery-item elementor-animated-content\" href=\"https:\/\/cigkoftembcn.com\/wp-content\/uploads\/2024\/09\/SUSI_3.jpg\" data-elementor-open-lightbox=\"yes\" data-elementor-lightbox-slideshow=\"08d8057\" data-elementor-lightbox-title=\"SUSI_3\" data-e-action-hash=\"#elementor-action%3Aaction%3Dlightbox%26settings%3DeyJpZCI6NDQ2LCJ1cmwiOiJodHRwczpcL1wvY2lna29mdGVtYmNuLmNvbVwvd3AtY29udGVudFwvdXBsb2Fkc1wvMjAyNFwvMDlcL1NVU0lfMy5qcGciLCJzbGlkZXNob3ciOiIwOGQ4MDU3In0%3D\">\n\t\t\t\t\t<div class=\"e-gallery-image elementor-gallery-item__image\" data-thumbnail=\"https:\/\/cigkoftembcn.com\/wp-content\/uploads\/2024\/09\/SUSI_3.jpg\" data-width=\"1000\" data-height=\"1000\" aria-label=\"\" role=\"img\" ><\/div>\n\t\t\t\t\t\t\t\t\t\t\t<div class=\"elementor-gallery-item__overlay\"><\/div>\n\t\t\t\t\t\t\t\t\t\t\t\t\t\t<\/a>\n\t\t\t\t\t\t\t<a class=\"e-gallery-item elementor-gallery-item elementor-animated-content\" href=\"https:\/\/cigkoftembcn.com\/wp-content\/uploads\/2024\/09\/WRAPS.jpg\" data-elementor-open-lightbox=\"yes\" data-elementor-lightbox-slideshow=\"08d8057\" data-elementor-lightbox-title=\"WRAPS\" data-e-action-hash=\"#elementor-action%3Aaction%3Dlightbox%26settings%3DeyJpZCI6NDU0LCJ1cmwiOiJodHRwczpcL1wvY2lna29mdGVtYmNuLmNvbVwvd3AtY29udGVudFwvdXBsb2Fkc1wvMjAyNFwvMDlcL1dSQVBTLmpwZyIsInNsaWRlc2hvdyI6IjA4ZDgwNTcifQ%3D%3D\">\n\t\t\t\t\t<div class=\"e-gallery-image elementor-gallery-item__image\" data-thumbnail=\"https:\/\/cigkoftembcn.com\/wp-content\/uploads\/2024\/09\/WRAPS.jpg\" data-width=\"1000\" data-height=\"1000\" aria-label=\"\" role=\"img\" ><\/div>\n\t\t\t\t\t\t\t\t\t\t\t<div class=\"elementor-gallery-item__overlay\"><\/div>\n\t\t\t\t\t\t\t\t\t\t\t\t\t\t<\/a>\n\t\t\t\t\t\t\t<a class=\"e-gallery-item elementor-gallery-item elementor-animated-content\" href=\"https:\/\/cigkoftembcn.com\/wp-content\/uploads\/2024\/09\/FALAFEL.jpg\" data-elementor-open-lightbox=\"yes\" data-elementor-lightbox-slideshow=\"08d8057\" data-elementor-lightbox-title=\"FALAFEL\" data-e-action-hash=\"#elementor-action%3Aaction%3Dlightbox%26settings%3DeyJpZCI6NDQ4LCJ1cmwiOiJodHRwczpcL1wvY2lna29mdGVtYmNuLmNvbVwvd3AtY29udGVudFwvdXBsb2Fkc1wvMjAyNFwvMDlcL0ZBTEFGRUwuanBnIiwic2xpZGVzaG93IjoiMDhkODA1NyJ9\">\n\t\t\t\t\t<div class=\"e-gallery-image elementor-gallery-item__image\" data-thumbnail=\"https:\/\/cigkoftembcn.com\/wp-content\/uploads\/2024\/09\/FALAFEL.jpg\" data-width=\"1000\" data-height=\"1000\" aria-label=\"\" role=\"img\" ><\/div>\n\t\t\t\t\t\t\t\t\t\t\t<div class=\"elementor-gallery-item__overlay\"><\/div>\n\t\t\t\t\t\t\t\t\t\t\t\t\t\t<\/a>\n\t\t\t\t\t\t\t<a class=\"e-gallery-item elementor-gallery-item elementor-animated-content\" href=\"https:\/\/cigkoftembcn.com\/wp-content\/uploads\/2024\/09\/PAQUETE.jpg\" data-elementor-open-lightbox=\"yes\" data-elementor-lightbox-slideshow=\"08d8057\" data-elementor-lightbox-title=\"PAQUETE\" data-e-action-hash=\"#elementor-action%3Aaction%3Dlightbox%26settings%3DeyJpZCI6NDUyLCJ1cmwiOiJodHRwczpcL1wvY2lna29mdGVtYmNuLmNvbVwvd3AtY29udGVudFwvdXBsb2Fkc1wvMjAyNFwvMDlcL1BBUVVFVEUuanBnIiwic2xpZGVzaG93IjoiMDhkODA1NyJ9\">\n\t\t\t\t\t<div class=\"e-gallery-image elementor-gallery-item__image\" data-thumbnail=\"https:\/\/cigkoftembcn.com\/wp-content\/uploads\/2024\/09\/PAQUETE.jpg\" data-width=\"1000\" data-height=\"1000\" aria-label=\"\" role=\"img\" ><\/div>\n\t\t\t\t\t\t\t\t\t\t\t<div class=\"elementor-gallery-item__overlay\"><\/div>\n\t\t\t\t\t\t\t\t\t\t\t\t\t\t<\/a>\n\t\t\t\t\t\t\t<a class=\"e-gallery-item elementor-gallery-item elementor-animated-content\" href=\"https:\/\/cigkoftembcn.com\/wp-content\/uploads\/2024\/09\/CIGKOFTEM_WRAP_4.jpg\" data-elementor-open-lightbox=\"yes\" data-elementor-lightbox-slideshow=\"08d8057\" data-elementor-lightbox-title=\"CIGKOFTEM_WRAP_4\" data-e-action-hash=\"#elementor-action%3Aaction%3Dlightbox%26settings%3DeyJpZCI6NDQzLCJ1cmwiOiJodHRwczpcL1wvY2lna29mdGVtYmNuLmNvbVwvd3AtY29udGVudFwvdXBsb2Fkc1wvMjAyNFwvMDlcL0NJR0tPRlRFTV9XUkFQXzQuanBnIiwic2xpZGVzaG93IjoiMDhkODA1NyJ9\">\n\t\t\t\t\t<div class=\"e-gallery-image elementor-gallery-item__image\" data-thumbnail=\"https:\/\/cigkoftembcn.com\/wp-content\/uploads\/2024\/09\/CIGKOFTEM_WRAP_4.jpg\" data-width=\"1000\" data-height=\"1000\" aria-label=\"\" role=\"img\" ><\/div>\n\t\t\t\t\t\t\t\t\t\t\t<div class=\"elementor-gallery-item__overlay\"><\/div>\n\t\t\t\t\t\t\t\t\t\t\t\t\t\t<\/a>\n\t\t\t\t\t\t\t<a class=\"e-gallery-item elementor-gallery-item elementor-animated-content\" href=\"https:\/\/cigkoftembcn.com\/wp-content\/uploads\/2024\/09\/DISCFALAFEL_2.jpg\" data-elementor-open-lightbox=\"yes\" data-elementor-lightbox-slideshow=\"08d8057\" data-elementor-lightbox-title=\"DISCFALAFEL_2\" data-e-action-hash=\"#elementor-action%3Aaction%3Dlightbox%26settings%3DeyJpZCI6NDQ0LCJ1cmwiOiJodHRwczpcL1wvY2lna29mdGVtYmNuLmNvbVwvd3AtY29udGVudFwvdXBsb2Fkc1wvMjAyNFwvMDlcL0RJU0NGQUxBRkVMXzIuanBnIiwic2xpZGVzaG93IjoiMDhkODA1NyJ9\">\n\t\t\t\t\t<div class=\"e-gallery-image elementor-gallery-item__image\" data-thumbnail=\"https:\/\/cigkoftembcn.com\/wp-content\/uploads\/2024\/09\/DISCFALAFEL_2.jpg\" data-width=\"1000\" data-height=\"1000\" aria-label=\"\" role=\"img\" ><\/div>\n\t\t\t\t\t\t\t\t\t\t\t<div class=\"elementor-gallery-item__overlay\"><\/div>\n\t\t\t\t\t\t\t\t\t\t\t\t\t\t<\/a>\n\t\t\t\t\t\t\t<a class=\"e-gallery-item elementor-gallery-item elementor-animated-content\" href=\"https:\/\/cigkoftembcn.com\/wp-content\/uploads\/2024\/09\/BOREK_CHOCOLATE_2.jpg\" data-elementor-open-lightbox=\"yes\" data-elementor-lightbox-slideshow=\"08d8057\" data-elementor-lightbox-title=\"BOREK_CHOCOLATE_2\" data-e-action-hash=\"#elementor-action%3Aaction%3Dlightbox%26settings%3DeyJpZCI6NDQxLCJ1cmwiOiJodHRwczpcL1wvY2lna29mdGVtYmNuLmNvbVwvd3AtY29udGVudFwvdXBsb2Fkc1wvMjAyNFwvMDlcL0JPUkVLX0NIT0NPTEFURV8yLmpwZyIsInNsaWRlc2hvdyI6IjA4ZDgwNTcifQ%3D%3D\">\n\t\t\t\t\t<div class=\"e-gallery-image elementor-gallery-item__image\" data-thumbnail=\"https:\/\/cigkoftembcn.com\/wp-content\/uploads\/2024\/09\/BOREK_CHOCOLATE_2.jpg\" data-width=\"1000\" data-height=\"1000\" aria-label=\"\" role=\"img\" ><\/div>\n\t\t\t\t\t\t\t\t\t\t\t<div class=\"elementor-gallery-item__overlay\"><\/div>\n\t\t\t\t\t\t\t\t\t\t\t\t\t\t<\/a>\n\t\t\t\t\t\t\t<a class=\"e-gallery-item elementor-gallery-item elementor-animated-content\" href=\"https:\/\/cigkoftembcn.com\/wp-content\/uploads\/2024\/09\/PASTEL-CAKE.jpg\" data-elementor-open-lightbox=\"yes\" data-elementor-lightbox-slideshow=\"08d8057\" data-elementor-lightbox-title=\"PASTEL-CAKE\" data-e-action-hash=\"#elementor-action%3Aaction%3Dlightbox%26settings%3DeyJpZCI6NDUzLCJ1cmwiOiJodHRwczpcL1wvY2lna29mdGVtYmNuLmNvbVwvd3AtY29udGVudFwvdXBsb2Fkc1wvMjAyNFwvMDlcL1BBU1RFTC1DQUtFLmpwZyIsInNsaWRlc2hvdyI6IjA4ZDgwNTcifQ%3D%3D\">\n\t\t\t\t\t<div class=\"e-gallery-image elementor-gallery-item__image\" data-thumbnail=\"https:\/\/cigkoftembcn.com\/wp-content\/uploads\/2024\/09\/PASTEL-CAKE.jpg\" data-width=\"1000\" data-height=\"1000\" aria-label=\"\" role=\"img\" ><\/div>\n\t\t\t\t\t\t\t\t\t\t\t<div class=\"elementor-gallery-item__overlay\"><\/div>\n\t\t\t\t\t\t\t\t\t\t\t\t\t\t<\/a>\n\t\t\t\t\t\t\t<a class=\"e-gallery-item elementor-gallery-item elementor-animated-content\" href=\"https:\/\/cigkoftembcn.com\/wp-content\/uploads\/2024\/09\/CIGKOFTEM_GENERAL.jpg\" data-elementor-open-lightbox=\"yes\" data-elementor-lightbox-slideshow=\"08d8057\" data-elementor-lightbox-title=\"CIGKOFTEM_GENERAL\" data-e-action-hash=\"#elementor-action%3Aaction%3Dlightbox%26settings%3DeyJpZCI6NDQyLCJ1cmwiOiJodHRwczpcL1wvY2lna29mdGVtYmNuLmNvbVwvd3AtY29udGVudFwvdXBsb2Fkc1wvMjAyNFwvMDlcL0NJR0tPRlRFTV9HRU5FUkFMLmpwZyIsInNsaWRlc2hvdyI6IjA4ZDgwNTcifQ%3D%3D\">\n\t\t\t\t\t<div class=\"e-gallery-image elementor-gallery-item__image\" data-thumbnail=\"https:\/\/cigkoftembcn.com\/wp-content\/uploads\/2024\/09\/CIGKOFTEM_GENERAL.jpg\" data-width=\"1000\" data-height=\"1000\" aria-label=\"\" role=\"img\" ><\/div>\n\t\t\t\t\t\t\t\t\t\t\t<div class=\"elementor-gallery-item__overlay\"><\/div>\n\t\t\t\t\t\t\t\t\t\t\t\t\t\t<\/a>\n\t\t\t\t\t\t\t<a class=\"e-gallery-item elementor-gallery-item elementor-animated-content\" href=\"https:\/\/cigkoftembcn.com\/wp-content\/uploads\/2024\/09\/ICLIKOFTE_4.jpg\" data-elementor-open-lightbox=\"yes\" data-elementor-lightbox-slideshow=\"08d8057\" data-elementor-lightbox-title=\"ICLIKOFTE_4\" data-e-action-hash=\"#elementor-action%3Aaction%3Dlightbox%26settings%3DeyJpZCI6NDQ1LCJ1cmwiOiJodHRwczpcL1wvY2lna29mdGVtYmNuLmNvbVwvd3AtY29udGVudFwvdXBsb2Fkc1wvMjAyNFwvMDlcL0lDTElLT0ZURV80LmpwZyIsInNsaWRlc2hvdyI6IjA4ZDgwNTcifQ%3D%3D\">\n\t\t\t\t\t<div class=\"e-gallery-image elementor-gallery-item__image\" data-thumbnail=\"https:\/\/cigkoftembcn.com\/wp-content\/uploads\/2024\/09\/ICLIKOFTE_4.jpg\" data-width=\"1000\" data-height=\"1000\" aria-label=\"\" role=\"img\" ><\/div>\n\t\t\t\t\t\t\t\t\t\t\t<div class=\"elementor-gallery-item__overlay\"><\/div>\n\t\t\t\t\t\t\t\t\t\t\t\t\t\t<\/a>\n\t\t\t\t\t\t\t<a class=\"e-gallery-item elementor-gallery-item elementor-animated-content\" href=\"https:\/\/cigkoftembcn.com\/wp-content\/uploads\/2024\/09\/PANKO-KIBBEH.jpg\" data-elementor-open-lightbox=\"yes\" data-elementor-lightbox-slideshow=\"08d8057\" data-elementor-lightbox-title=\"PANKO-KIBBEH\" data-e-action-hash=\"#elementor-action%3Aaction%3Dlightbox%26settings%3DeyJpZCI6NDUxLCJ1cmwiOiJodHRwczpcL1wvY2lna29mdGVtYmNuLmNvbVwvd3AtY29udGVudFwvdXBsb2Fkc1wvMjAyNFwvMDlcL1BBTktPLUtJQkJFSC5qcGciLCJzbGlkZXNob3ciOiIwOGQ4MDU3In0%3D\">\n\t\t\t\t\t<div class=\"e-gallery-image elementor-gallery-item__image\" data-thumbnail=\"https:\/\/cigkoftembcn.com\/wp-content\/uploads\/2024\/09\/PANKO-KIBBEH.jpg\" data-width=\"1000\" data-height=\"1000\" aria-label=\"\" role=\"img\" ><\/div>\n\t\t\t\t\t\t\t\t\t\t\t<div class=\"elementor-gallery-item__overlay\"><\/div>\n\t\t\t\t\t\t\t\t\t\t\t\t\t\t<\/a>\n\t\t\t\t\t\t\t<a class=\"e-gallery-item elementor-gallery-item elementor-animated-content\" href=\"https:\/\/cigkoftembcn.com\/wp-content\/uploads\/2024\/09\/KIBBEH.jpg\" data-elementor-open-lightbox=\"yes\" data-elementor-lightbox-slideshow=\"08d8057\" data-elementor-lightbox-title=\"KIBBEH\" data-e-action-hash=\"#elementor-action%3Aaction%3Dlightbox%26settings%3DeyJpZCI6NDUwLCJ1cmwiOiJodHRwczpcL1wvY2lna29mdGVtYmNuLmNvbVwvd3AtY29udGVudFwvdXBsb2Fkc1wvMjAyNFwvMDlcL0tJQkJFSC5qcGciLCJzbGlkZXNob3ciOiIwOGQ4MDU3In0%3D\">\n\t\t\t\t\t<div class=\"e-gallery-image elementor-gallery-item__image\" data-thumbnail=\"https:\/\/cigkoftembcn.com\/wp-content\/uploads\/2024\/09\/KIBBEH.jpg\" data-width=\"1000\" data-height=\"1000\" aria-label=\"\" role=\"img\" ><\/div>\n\t\t\t\t\t\t\t\t\t\t\t<div class=\"elementor-gallery-item__overlay\"><\/div>\n\t\t\t\t\t\t\t\t\t\t\t\t\t\t<\/a>\n\t\t\t\t\t\t\t<a class=\"e-gallery-item elementor-gallery-item elementor-animated-content\" href=\"https:\/\/cigkoftembcn.com\/wp-content\/uploads\/2024\/09\/BIKAP.jpg\" data-elementor-open-lightbox=\"yes\" data-elementor-lightbox-slideshow=\"08d8057\" data-elementor-lightbox-title=\"BIKAP\" data-e-action-hash=\"#elementor-action%3Aaction%3Dlightbox%26settings%3DeyJpZCI6NDQ3LCJ1cmwiOiJodHRwczpcL1wvY2lna29mdGVtYmNuLmNvbVwvd3AtY29udGVudFwvdXBsb2Fkc1wvMjAyNFwvMDlcL0JJS0FQLmpwZyIsInNsaWRlc2hvdyI6IjA4ZDgwNTcifQ%3D%3D\">\n\t\t\t\t\t<div class=\"e-gallery-image elementor-gallery-item__image\" data-thumbnail=\"https:\/\/cigkoftembcn.com\/wp-content\/uploads\/2024\/09\/BIKAP.jpg\" data-width=\"1000\" data-height=\"1000\" aria-label=\"\" role=\"img\" ><\/div>\n\t\t\t\t\t\t\t\t\t\t\t<div class=\"elementor-gallery-item__overlay\"><\/div>\n\t\t\t\t\t\t\t\t\t\t\t\t\t\t<\/a>\n\t\t\t\t\t\t\t<a class=\"e-gallery-item elementor-gallery-item elementor-animated-content\" href=\"https:\/\/cigkoftembcn.com\/wp-content\/uploads\/2024\/09\/FALAFILL.jpg\" data-elementor-open-lightbox=\"yes\" data-elementor-lightbox-slideshow=\"08d8057\" data-elementor-lightbox-title=\"FALAFILL\" data-e-action-hash=\"#elementor-action%3Aaction%3Dlightbox%26settings%3DeyJpZCI6NDQ5LCJ1cmwiOiJodHRwczpcL1wvY2lna29mdGVtYmNuLmNvbVwvd3AtY29udGVudFwvdXBsb2Fkc1wvMjAyNFwvMDlcL0ZBTEFGSUxMLmpwZyIsInNsaWRlc2hvdyI6IjA4ZDgwNTcifQ%3D%3D\">\n\t\t\t\t\t<div class=\"e-gallery-image elementor-gallery-item__image\" data-thumbnail=\"https:\/\/cigkoftembcn.com\/wp-content\/uploads\/2024\/09\/FALAFILL.jpg\" data-width=\"1000\" data-height=\"1000\" aria-label=\"\" role=\"img\" ><\/div>\n\t\t\t\t\t\t\t\t\t\t\t<div class=\"elementor-gallery-item__overlay\"><\/div>\n\t\t\t\t\t\t\t\t\t\t\t\t\t\t<\/a>\n\t\t\t\t\t<\/div>\n\t\t\t\t\t<\/div>\n\t\t\t\t<\/div>\n\t\t\t\t\t<\/div>\n\t\t<\/div>\n\t\t\t\t\t<\/div>\n\t\t<\/section>\n\t\t\t\t<\/div>\n\t\t","protected":false},"excerpt":{"rendered":"<p>Conoce nuestro producto Galer\u00eda Explora el vibrante mundo de nuestra cocina turca vegana a trav\u00e9s de nuestra galer\u00eda de im\u00e1genes. Sum\u00e9rgete en una experiencia visual que te llevar\u00e1 a trav\u00e9s de nuestros platos m\u00e1s deliciosos, colores vibrantes y momentos memorables en nuestro restaurante.<\/p>\n","protected":false},"author":1,"featured_media":0,"parent":0,"menu_order":0,"comment_status":"closed","ping_status":"closed","template":"elementor_header_footer","meta":{"om_disable_all_campaigns":false,"_monsterinsights_skip_tracking":false,"_monsterinsights_sitenote_active":false,"_monsterinsights_sitenote_note":"","_monsterinsights_sitenote_category":0,"footnotes":""},"aioseo_notices":[],"_links":{"self":[{"href":"https:\/\/cigkoftembcn.com\/index.php\/wp-json\/wp\/v2\/pages\/19"}],"collection":[{"href":"https:\/\/cigkoftembcn.com\/index.php\/wp-json\/wp\/v2\/pages"}],"about":[{"href":"https:\/\/cigkoftembcn.com\/index.php\/wp-json\/wp\/v2\/types\/page"}],"author":[{"embeddable":true,"href":"https:\/\/cigkoftembcn.com\/index.php\/wp-json\/wp\/v2\/users\/1"}],"replies":[{"embeddable":true,"href":"https:\/\/cigkoftembcn.com\/index.php\/wp-json\/wp\/v2\/comments?post=19"}],"version-history":[{"count":22,"href":"https:\/\/cigkoftembcn.com\/index.php\/wp-json\/wp\/v2\/pages\/19\/revisions"}],"predecessor-version":[{"id":458,"href":"https:\/\/cigkoftembcn.com\/index.php\/wp-json\/wp\/v2\/pages\/19\/revisions\/458"}],"wp:attachment":[{"href":"https:\/\/cigkoftembcn.com\/index.php\/wp-json\/wp\/v2\/media?parent=19"}],"curies":[{"name":"wp","href":"https:\/\/api.w.org\/{rel}","templated":true}]}}